{"id":7,"date":"2023-02-18T11:03:43","date_gmt":"2023-02-18T11:03:43","guid":{"rendered":"https:\/\/acadsoftware.it\/?page_id=7"},"modified":"2023-02-18T12:01:39","modified_gmt":"2023-02-18T12:01:39","slug":"home","status":"publish","type":"page","link":"https:\/\/acadsoftware.it\/","title":{"rendered":"Home"},"content":{"rendered":"\n<p>Mi chiamo Carmelo Ruggeri, uso AutoCad dal 1987.<br>Ho iniziato con la versione 2.6, non c&#8217;erano ancora tutti i 256 colori della palette che esiste ancora oggi, ma diverse tonalit\u00e0 di verde, si perch\u00e8 i monitor avevano i fosfori verdi.<br>La mia formazione \u00e8 prettamente di tipo edile, sono un geometra e mi sono specializzato al Biennio Post Diploma di Reggio Emilia dove ho conseguito la specializzazione di &#8220;Tecnico delle costruzioni&#8221;.<br>Nell&#8217;arco degli anni \u00a0per\u00f2 ho avuto diversi tipi di approccio al CAD, sia come utilizzatore, come programmatore, e sopratutto come docente, che vanno dal CAD elettrico, elettronico, piping, progettazione d&#8217;interni, urbanistica, progettazione di strade, arredo urbano, progettazione verde, calcolo strutturale, carpenterie metalliche, meccanica di precisione, piegatura lamiere, topografia, aerofotogrammetria, archeologia, 3D etc..<br>Da circa 20 anni in modo prevalente nella mia attivit\u00e0 professionale, insegno a studenti e a professionisti, l&#8217;utilizzo di AutoCad.<\/p>\n","protected":false},"excerpt":{"rendered":"<p>Mi chiamo Carmelo Ruggeri, uso AutoCad dal 1987.Ho iniziato con la versione 2.6, non c&#8217;erano ancora tutti i 256 colori della palette che esiste ancora oggi, ma diverse tonalit\u00e0 di verde, si perch\u00e8 i monitor avevano i fosfori verdi.La mia formazione \u00e8 prettamente di tipo edile, sono un geometra e mi sono specializzato al Biennio [&hellip;]<\/p>\n","protected":false},"author":1,"featured_media":0,"parent":0,"menu_order":0,"comment_status":"closed","ping_status":"closed","template":"","meta":{"footnotes":""},"class_list":["post-7","page","type-page","status-publish","hentry"],"_links":{"self":[{"href":"https:\/\/acadsoftware.it\/index.php?rest_route=\/wp\/v2\/pages\/7","targetHints":{"allow":["GET"]}}],"collection":[{"href":"https:\/\/acadsoftware.it\/index.php?rest_route=\/wp\/v2\/pages"}],"about":[{"href":"https:\/\/acadsoftware.it\/index.php?rest_route=\/wp\/v2\/types\/page"}],"author":[{"embeddable":true,"href":"https:\/\/acadsoftware.it\/index.php?rest_route=\/wp\/v2\/users\/1"}],"replies":[{"embeddable":true,"href":"https:\/\/acadsoftware.it\/index.php?rest_route=%2Fwp%2Fv2%2Fcomments&post=7"}],"version-history":[{"count":3,"href":"https:\/\/acadsoftware.it\/index.php?rest_route=\/wp\/v2\/pages\/7\/revisions"}],"predecessor-version":[{"id":31,"href":"https:\/\/acadsoftware.it\/index.php?rest_route=\/wp\/v2\/pages\/7\/revisions\/31"}],"wp:attachment":[{"href":"https:\/\/acadsoftware.it\/index.php?rest_route=%2Fwp%2Fv2%2Fmedia&parent=7"}],"curies":[{"name":"wp","href":"https:\/\/api.w.org\/{rel}","templated":true}]}}